{"id":6043,"date":"2024-06-13T09:09:19","date_gmt":"2024-06-13T06:09:19","guid":{"rendered":"https:\/\/kartallaverkosto.fi\/?page_id=6043"},"modified":"2025-03-04T15:38:39","modified_gmt":"2025-03-04T13:38:39","slug":"reduce-environmental-impact","status":"publish","type":"page","link":"https:\/\/kartallaverkosto.fi\/en\/explore-the-roadmap\/reduce-environmental-impact\/","title":{"rendered":"Reduce Environmental Impact"},"content":{"rendered":"\n<h1 class=\"wp-block-heading has-text-align-center\">Reduce Environmental Impact<\/h1>\n\n\n\n<div class=\"wp-block-columns is-style-narrow is-layout-flex wp-container-core-columns-is-layout-9d6595d7 wp-block-columns-is-layout-flex\">\n<div class=\"wp-block-column is-layout-flow wp-block-column-is-layout-flow\">\n<p>The vision of the Vocational Education Sustainability Roadmap is vocational education that builds a carbon-neutral society operating within the planet&#8217;s ecological limits. Sustainable future skills are best learned in institutions and workplaces that develop their own practices towards sustainability. By considering and reducing their climate and environmental impacts, institutions and workplaces create environments where sustainable lifestyles are integrated into daily life. An institution or workplace can also take an active role in developing and promoting circular and regenerative economy solutions, for example, at a regional level.<\/p>\n<\/div>\n<\/div>\n\n\n<div class=\"wp-block-image\">\n<figure class=\"aligncenter size-large is-resized\"><img loading=\"lazy\" decoding=\"async\" width=\"1024\" height=\"600\" src=\"https:\/\/kartallaverkosto.fi\/wp-content\/uploads\/2024\/07\/picture5-1024x600.png\" alt=\"\" class=\"wp-image-4482\" style=\"width:1038px;height:auto\" srcset=\"https:\/\/kartallaverkosto.fi\/wp-content\/uploads\/2024\/07\/picture5-1024x600.png 1024w, https:\/\/kartallaverkosto.fi\/wp-content\/uploads\/2024\/07\/picture5-300x176.png 300w, https:\/\/kartallaverkosto.fi\/wp-content\/uploads\/2024\/07\/picture5-768x450.png 768w, https:\/\/kartallaverkosto.fi\/wp-content\/uploads\/2024\/07\/picture5.png 1379w\" sizes=\"auto, (max-width: 1024px) 100vw, 1024px\" \/><\/figure>\n<\/div>\n\n\n<div class=\"wp-block-columns is-style-narrow is-layout-flex wp-container-core-columns-is-layout-9d6595d7 wp-block-columns-is-layout-flex\">\n<div class=\"wp-block-column is-layout-flow wp-block-column-is-layout-flow\">\n<p>As part of the sustainability roadmap work, a carbon footprint calculation tool, specifically designed for vocational education, has been developed\u2014the Carbon Footprint Calculator. It is recommended that institutions committed to the roadmap calculate their carbon footprint annually and develop emission reduction pathways based on these calculations, with progress tracked over time. The results of the carbon footprint calculation are reported annually on a shared platform. This monitoring creates visibility for the achievement of the roadmap&#8217;s goals.<\/p>\n\n\n\n<div class=\"wp-block-columns is-style-narrow is-layout-flex wp-container-core-columns-is-layout-9d6595d7 wp-block-columns-is-layout-flex\">\n<div class=\"wp-block-column is-layout-flow wp-block-column-is-layout-flow\"><div class=\"scrolling-numbers\">\r\n    \r\n        <h2>\r\n\r\n            \r\n                <span class=\"scrlnumber \">38<\/span>\r\n\r\n                    <\/h2>\r\n        <p>of institutions that completed the self-assessment by July 2024 calculated their carbon footprint for 2022 in 2023 and reported it using the shared reporting template.<\/p>\r\n\r\n    <\/div><\/div>\n\n\n\n<div class=\"wp-block-column is-layout-flow wp-block-column-is-layout-flow\"><\/div>\n<\/div>\n\n\n\n<div style=\"height:30px\" aria-hidden=\"true\" class=\"wp-block-spacer\"><\/div>\n\n\n\n<div class=\"wp-block-buttons is-layout-flex wp-block-buttons-is-layout-flex\">\n<div class=\"wp-block-button\"><a class=\"wp-block-button__link wp-element-button\" href=\"https:\/\/kartallaverkosto.fi\/wp-content\/uploads\/2024\/11\/vaski-tp-7-hiilijalanjaljen-laskemisen-tyokalu-2023-ver-172.xlsx\" target=\"_blank\" rel=\"noreferrer noopener\">Lataa t\u00e4st\u00e4 laskuri vuoden 2023 hiilijalanj\u00e4lkilaskentaan (excel-tiedosto)<\/a><\/div>\n<\/div>\n\n\n\n<div class=\"wp-block-buttons is-layout-flex wp-block-buttons-is-layout-flex\">\n<div class=\"wp-block-button\"><a class=\"wp-block-button__link wp-element-button\" href=\"https:\/\/kartallaverkosto.fi\/wp-content\/uploads\/2024\/11\/ukk-hiilijalanjalkilaskenta-vaski-hanke-tp-7-hiilijalanjaljen-mittaaminen-ja-seuranta-1.pdf\" target=\"_blank\" rel=\"noreferrer noopener\">UKK: Hiilijalanj\u00e4lkilaskenta (VASKI TP 7 koottua materiaalia) (.pdf)<\/a><\/div>\n<\/div>\n\n\n\n<div style=\"height:30px\" aria-hidden=\"true\" class=\"wp-block-spacer\"><\/div>\n\n\n\n<p class=\"mt-3\"><strong>Explore the calculation and supporting materials in ThingLink \u2013 Join the network and gain access to tools and reporting templates.<\/strong><\/p>\n\n\n\n<p>Search for training and events that help institutions reduce their carbon footprint, nature footprint, and environmental impacts.<\/p>\n<\/div>\n<\/div>\n","protected":false},"excerpt":{"rendered":"<p>Reduce Environmental Impact The vision of the Vocational Education Sustainability Roadmap is vocational education that builds a carbon-neutral society operating within the planet&#8217;s ecological limits. Sustainable future skills are best learned in institutions and workplaces that develop their own practices towards sustainability. By considering and reducing their climate and environmental impacts, institutions and workplaces create [&hellip;]<\/p>\n","protected":false},"author":1,"featured_media":0,"parent":6008,"menu_order":7,"comment_status":"closed","ping_status":"closed","template":"page-no-title.php","meta":{"_acf_changed":false,"footnotes":""},"class_list":["post-6043","page","type-page","status-publish","hentry"],"acf":[],"aioseo_notices":[],"_links":{"self":[{"href":"https:\/\/kartallaverkosto.fi\/en\/wp-json\/wp\/v2\/pages\/6043","targetHints":{"allow":["GET"]}}],"collection":[{"href":"https:\/\/kartallaverkosto.fi\/en\/wp-json\/wp\/v2\/pages"}],"about":[{"href":"https:\/\/kartallaverkosto.fi\/en\/wp-json\/wp\/v2\/types\/page"}],"author":[{"embeddable":true,"href":"https:\/\/kartallaverkosto.fi\/en\/wp-json\/wp\/v2\/users\/1"}],"replies":[{"embeddable":true,"href":"https:\/\/kartallaverkosto.fi\/en\/wp-json\/wp\/v2\/comments?post=6043"}],"version-history":[{"count":1,"href":"https:\/\/kartallaverkosto.fi\/en\/wp-json\/wp\/v2\/pages\/6043\/revisions"}],"predecessor-version":[{"id":6045,"href":"https:\/\/kartallaverkosto.fi\/en\/wp-json\/wp\/v2\/pages\/6043\/revisions\/6045"}],"up":[{"embeddable":true,"href":"https:\/\/kartallaverkosto.fi\/en\/wp-json\/wp\/v2\/pages\/6008"}],"wp:attachment":[{"href":"https:\/\/kartallaverkosto.fi\/en\/wp-json\/wp\/v2\/media?parent=6043"}],"curies":[{"name":"wp","href":"https:\/\/api.w.org\/{rel}","templated":true}]}}