{"id":5324,"date":"2021-09-28T14:42:32","date_gmt":"2021-09-28T11:42:32","guid":{"rendered":"https:\/\/kartallaverkosto.fi\/?page_id=5324"},"modified":"2025-12-15T10:15:24","modified_gmt":"2025-12-15T08:15:24","slug":"etusivu","status":"publish","type":"page","link":"https:\/\/kartallaverkosto.fi\/sv\/","title":{"rendered":"Startsida"},"content":{"rendered":"\r\n\r\n\r\n    <div class=\"swiper heroswiper alignfull\">\r\n        <!-- Additional required wrapper -->\r\n        <div class=\"swiper-wrapper\">\r\n            \n\r\n\r\n<section class=\"hero site-banner banner-bg-image section-default default alignfull image swiper-slide\">\r\n\r\n    <div class=\"site-banner-bg section-bg-image \" >\r\n\r\n        <img loading=\"lazy\" decoding=\"async\" width=\"2560\" height=\"1556\" src=\"https:\/\/kartallaverkosto.fi\/wp-content\/uploads\/2024\/07\/kartalla-header-3-scaled.jpg\" class=\"attachment-1536\u00d71536 size-1536\u00d71536\" alt=\"\" srcset=\"https:\/\/kartallaverkosto.fi\/wp-content\/uploads\/2024\/07\/kartalla-header-3-scaled.jpg 2560w, https:\/\/kartallaverkosto.fi\/wp-content\/uploads\/2024\/07\/kartalla-header-3-300x182.jpg 300w, https:\/\/kartallaverkosto.fi\/wp-content\/uploads\/2024\/07\/kartalla-header-3-1024x622.jpg 1024w, https:\/\/kartallaverkosto.fi\/wp-content\/uploads\/2024\/07\/kartalla-header-3-768x467.jpg 768w, https:\/\/kartallaverkosto.fi\/wp-content\/uploads\/2024\/07\/kartalla-header-3-1536x933.jpg 1536w, https:\/\/kartallaverkosto.fi\/wp-content\/uploads\/2024\/07\/kartalla-header-3-2048x1245.jpg 2048w\" sizes=\"auto, (max-width: 2560px) 100vw, 2560px\" \/>\r\n        \r\n            <div class=\"site-banner-content container\">\r\n                <div class=\"row w-100\">\r\n                    <div class=\"col-md-12\">\r\n\r\n                        <h2 class=\"hero-title\">En h\u00e5llbar framtid tillsammans<\/h2><div class=\"inner-content\">\r\n                            <div class=\"acf-innerblocks-container\"><\/div>\r\n                        <\/div>                    <\/div>\r\n                <\/div>\r\n            <\/div>\r\n        \r\n        <\/div><\/section>\n\n\r\n\r\n<section class=\"hero site-banner banner-bg-image section-default default alignfull image swiper-slide\">\r\n\r\n    <div class=\"site-banner-bg section-bg-image ob-position\" style=\"object-position: 50% 15%\" >\r\n\r\n        <img loading=\"lazy\" decoding=\"async\" width=\"2560\" height=\"1707\" src=\"https:\/\/kartallaverkosto.fi\/wp-content\/uploads\/2024\/06\/kartalla-header-2-scaled.jpg\" class=\"attachment-1536\u00d71536 size-1536\u00d71536\" alt=\"\" srcset=\"https:\/\/kartallaverkosto.fi\/wp-content\/uploads\/2024\/06\/kartalla-header-2-scaled.jpg 2560w, https:\/\/kartallaverkosto.fi\/wp-content\/uploads\/2024\/06\/kartalla-header-2-300x200.jpg 300w, https:\/\/kartallaverkosto.fi\/wp-content\/uploads\/2024\/06\/kartalla-header-2-1024x683.jpg 1024w, https:\/\/kartallaverkosto.fi\/wp-content\/uploads\/2024\/06\/kartalla-header-2-768x512.jpg 768w, https:\/\/kartallaverkosto.fi\/wp-content\/uploads\/2024\/06\/kartalla-header-2-1536x1024.jpg 1536w, https:\/\/kartallaverkosto.fi\/wp-content\/uploads\/2024\/06\/kartalla-header-2-2048x1365.jpg 2048w\" sizes=\"auto, (max-width: 2560px) 100vw, 2560px\" \/>\r\n        \r\n            <div class=\"site-banner-content container\">\r\n                <div class=\"row w-100\">\r\n                    <div class=\"col-md-12\">\r\n\r\n                        <h2 class=\"hero-title\">En h\u00e5llbar framtid tillsammans<\/h2><div class=\"inner-content\">\r\n                            <div class=\"acf-innerblocks-container\">\n\n<p><\/p>\n\n<\/div>\r\n                        <\/div>                    <\/div>\r\n                <\/div>\r\n            <\/div>\r\n        \r\n        <\/div><\/section>\n\n\r\n\r\n<section class=\"hero site-banner banner-bg-image section-default default alignfull image swiper-slide\">\r\n\r\n    <div class=\"site-banner-bg section-bg-image \" >\r\n\r\n        <img loading=\"lazy\" decoding=\"async\" width=\"2560\" height=\"1707\" src=\"https:\/\/kartallaverkosto.fi\/wp-content\/uploads\/2024\/07\/kartalla-header-1-scaled.jpg\" class=\"attachment-1536\u00d71536 size-1536\u00d71536\" alt=\"\" srcset=\"https:\/\/kartallaverkosto.fi\/wp-content\/uploads\/2024\/07\/kartalla-header-1-scaled.jpg 2560w, https:\/\/kartallaverkosto.fi\/wp-content\/uploads\/2024\/07\/kartalla-header-1-300x200.jpg 300w, https:\/\/kartallaverkosto.fi\/wp-content\/uploads\/2024\/07\/kartalla-header-1-1024x683.jpg 1024w, https:\/\/kartallaverkosto.fi\/wp-content\/uploads\/2024\/07\/kartalla-header-1-768x512.jpg 768w, https:\/\/kartallaverkosto.fi\/wp-content\/uploads\/2024\/07\/kartalla-header-1-1536x1024.jpg 1536w, https:\/\/kartallaverkosto.fi\/wp-content\/uploads\/2024\/07\/kartalla-header-1-2048x1365.jpg 2048w\" sizes=\"auto, (max-width: 2560px) 100vw, 2560px\" \/>\r\n        \r\n            <div class=\"site-banner-content container\">\r\n                <div class=\"row w-100\">\r\n                    <div class=\"col-md-12\">\r\n\r\n                        <h2 class=\"hero-title\">En h\u00e5llbar framtid tillsammans<\/h2><div class=\"inner-content\">\r\n                            <div class=\"acf-innerblocks-container\"><\/div>\r\n                        <\/div>                    <\/div>\r\n                <\/div>\r\n            <\/div>\r\n        \r\n        <\/div><\/section>\n        <\/div>\r\n        <!-- If we need pagination -->\r\n        \r\n        <!-- If we need navigation buttons -->\r\n                    <div class=\"swiper-button-prev\"><\/div>\r\n            <div class=\"swiper-button-next\"><\/div>\r\n        \r\n    <\/div>\r\n\r\n    \r\n\n\n<div class=\"section-with-bg wavy-border-top row has-background has-green-background-color wavy-border-bottom-white alignfull\"  style=\"background-image: url(https:\/\/kartallaverkosto.fi\/wp-content\/uploads\/2024\/07\/kartalla-polulla-kuvitus.svg);\">\r\n    <div class=\"acf-innerblocks-container\">\n<div class=\"wp-block-image ammatillinen-koulutus2030 is-style-default\">\n<figure class=\"aligncenter size-large is-resized\"><img loading=\"lazy\" decoding=\"async\" width=\"1024\" height=\"1024\" src=\"https:\/\/kartallaverkosto.fi\/wp-content\/uploads\/2024\/11\/ru-kestavaa-tulevaisuutta-yhdessa-netti-vihrea-white-1024x1024.png\" alt=\"\" class=\"wp-image-5416\" style=\"width:265px;height:auto\" srcset=\"https:\/\/kartallaverkosto.fi\/wp-content\/uploads\/2024\/11\/ru-kestavaa-tulevaisuutta-yhdessa-netti-vihrea-white-1024x1024.png 1024w, https:\/\/kartallaverkosto.fi\/wp-content\/uploads\/2024\/11\/ru-kestavaa-tulevaisuutta-yhdessa-netti-vihrea-white-300x300.png 300w, https:\/\/kartallaverkosto.fi\/wp-content\/uploads\/2024\/11\/ru-kestavaa-tulevaisuutta-yhdessa-netti-vihrea-white-150x150.png 150w, https:\/\/kartallaverkosto.fi\/wp-content\/uploads\/2024\/11\/ru-kestavaa-tulevaisuutta-yhdessa-netti-vihrea-white-768x769.png 768w, https:\/\/kartallaverkosto.fi\/wp-content\/uploads\/2024\/11\/ru-kestavaa-tulevaisuutta-yhdessa-netti-vihrea-white.png 1090w\" sizes=\"auto, (max-width: 1024px) 100vw, 1024px\" \/><\/figure>\n<\/div>\n\n\n<div class=\"wp-block-columns is-layout-flex wp-container-core-columns-is-layout-9d6595d7 wp-block-columns-is-layout-flex\">\n<div class=\"wp-block-column is-layout-flow wp-block-column-is-layout-flow\" style=\"flex-basis:60%\"><\/div>\n\n\n\n<div class=\"wp-block-column is-layout-flow wp-block-column-is-layout-flow\">\n<div class=\"wp-block-group is-nowrap is-layout-flex wp-container-core-group-is-layout-ad2f72ca wp-block-group-is-layout-flex\">\n<p class=\"is-style-decorative-text has-white-color has-text-color has-link-color has-large-font-size wp-elements-5cc023344b2861cb5e66f7726a0a3c0a\">Kartalla \u2013 p\u00e5 Kartan<\/p>\n\n\n\n<p>-n\u00e4tverket<\/p>\n<\/div>\n\n\n\n<p>implementerar h\u00e5llbarhetsf\u00e4rdplanen f\u00f6r yrkesutbildningen. N\u00e4tverket st\u00f6der och synligg\u00f6r yrkesutbildningsinstitutionernas, deras partners och yrkespersoners roll i h\u00e5llbarhetsomst\u00e4llningen. <\/p>\n\n\n\n<p>Kom med: i n\u00e4tverket f\u00e5r du verktyg, st\u00f6d och kamratl\u00e4rande f\u00f6r ditt h\u00e5llbarhetsarbete! Dessutom s\u00e5 kan du dela med dig av din egen expertis till andra! Syftet med webbplatsen \u00e4r att synligg\u00f6ra det redan utf\u00f6rda h\u00e5llbarhetsarbetet och skapa nya typer av partnerskap!<\/p>\n\n\n\n<div class=\"wp-block-buttons is-layout-flex wp-block-buttons-is-layout-flex\">\n<div class=\"wp-block-button mt-3\"><a class=\"wp-block-button__link wp-element-button\" href=\"https:\/\/kartallaverkosto.fi\/sv\/kom-med-i-natverket\/\">Kom med!<\/a><\/div>\n<\/div>\n<\/div>\n<\/div>\n\n<\/div><\/div>\n\n\n<h2 class=\"wp-block-heading\"><strong>Yrkesutbildning 2030 \u2013 En h\u00e5llbar framtid tillsammans<\/strong><\/h2>\n\n\n\n<p>H\u00e5llbarhetsf\u00e4rdplanen beskriver yrkesutbildningens resa mot ett koldioxidneutralt samh\u00e4lle <br>som verkar inom gr\u00e4nserna f\u00f6r naturens b\u00e4rkraft. Utbildningens v\u00e4rdegrund, <br>uppgifter och roll f\u00f6rnyas f\u00f6r att genomf\u00f6ra \u00f6verg\u00e5ngen mot en h\u00e5llbar livsstil.<\/p>\n\n\n\n<div class=\"wp-block-columns mt-0 is-layout-flex wp-container-core-columns-is-layout-9d6595d7 wp-block-columns-is-layout-flex\">\n<div class=\"wp-block-column is-layout-flow wp-block-column-is-layout-flow\"><div class=\"wp-block-image\">\n<figure class=\"alignright size-large is-resized\"><img loading=\"lazy\" decoding=\"async\" width=\"1024\" height=\"616\" src=\"https:\/\/kartallaverkosto.fi\/wp-content\/uploads\/2024\/11\/visiokuva-1-1024x616.png\" alt=\"\" class=\"wp-image-5407\" style=\"width:797px;height:auto\" srcset=\"https:\/\/kartallaverkosto.fi\/wp-content\/uploads\/2024\/11\/visiokuva-1-1024x616.png 1024w, https:\/\/kartallaverkosto.fi\/wp-content\/uploads\/2024\/11\/visiokuva-1-300x180.png 300w, https:\/\/kartallaverkosto.fi\/wp-content\/uploads\/2024\/11\/visiokuva-1-768x462.png 768w, https:\/\/kartallaverkosto.fi\/wp-content\/uploads\/2024\/11\/visiokuva-1-1536x924.png 1536w, https:\/\/kartallaverkosto.fi\/wp-content\/uploads\/2024\/11\/visiokuva-1-2048x1232.png 2048w\" sizes=\"auto, (max-width: 1024px) 100vw, 1024px\" \/><\/figure>\n<\/div><\/div>\n<\/div>\n\n\n\n<div class=\"wp-block-group alignfull is-style-wavy-border no-padding trees-on-top has-green-background-color has-background\"><div class=\"wp-block-group__inner-container is-layout-constrained wp-block-group-is-layout-constrained\"><div class=\"image-and-text wp-block is-style-blob alignwide has-media-on-the-right\">\r\n<div class=\"row\">\r\n    <div class=\"col-12 col-md-6 image-col\">\r\n\r\n        <img loading=\"lazy\" decoding=\"async\" width=\"800\" height=\"534\" src=\"https:\/\/kartallaverkosto.fi\/wp-content\/uploads\/2024\/06\/shutterstock-2207311043-1024x683.jpg\" class=\"attachment-large size-large\" alt=\"\" srcset=\"https:\/\/kartallaverkosto.fi\/wp-content\/uploads\/2024\/06\/shutterstock-2207311043-1024x683.jpg 1024w, https:\/\/kartallaverkosto.fi\/wp-content\/uploads\/2024\/06\/shutterstock-2207311043-300x200.jpg 300w, https:\/\/kartallaverkosto.fi\/wp-content\/uploads\/2024\/06\/shutterstock-2207311043-768x512.jpg 768w, https:\/\/kartallaverkosto.fi\/wp-content\/uploads\/2024\/06\/shutterstock-2207311043-1536x1024.jpg 1536w, https:\/\/kartallaverkosto.fi\/wp-content\/uploads\/2024\/06\/shutterstock-2207311043-2048x1365.jpg 2048w\" sizes=\"auto, (max-width: 800px) 100vw, 800px\" \/>    <\/div>\r\n\r\n    <div class=\"col-12 col-md-6 text-col\"><div class=\"acf-innerblocks-container\">\n\n<h2 class=\"wp-block-heading has-white-color has-text-color has-link-color wp-elements-998b8779113f02c32f385844b6875939\">N\u00e4tverket f\u00f6r akt\u00f6rer inom h\u00e5llbarhetsomst\u00e4llningen<\/h2>\n\n\n\n<p class=\"has-white-color has-text-color has-link-color wp-elements-d851b1fadad391c0ac87f44e389394c0\">Finland har f\u00f6rbundit sig till Parisavtalet om klimatf\u00f6r\u00e4ndringar, F\u00f6renta Nationernas konvention om biologisk m\u00e5ngfald och Agenda 2030 f\u00f6r h\u00e5llbar utveckling. F\u00f6r att uppn\u00e5 m\u00e5len kr\u00e4vs yrkeskunskap och yrkesutbildningsinstitutioner.<\/p>\n\n\n\n<p class=\"has-white-color has-text-color has-link-color wp-elements-5b518c104fe3ffc965905813da7fcfb2\">Kartalla \u2013 p\u00e5 Kartan-n\u00e4tverket \u00e4r en gemenskap f\u00f6r yrkesutbildningsinstitutioner som fr\u00e4mjar h\u00e5llbarhetsomst\u00e4llningen. N\u00e4tverket f\u00f6r samman yrkesutbildningsinstitutioner och deras personal. Dessutom kan varje partner inom yrkesutbildningen ansluta sig till n\u00e4tverket och v\u00e5r verksamhet!<\/p>\n\n\n\n<div class=\"wp-block-button\"><a class=\"wp-block-button__link wp-element-button\" href=\"https:\/\/kartallaverkosto.fi\/sv\/kom-med-i-natverket\/\">G\u00e5 med i n\u00e4tverket!<\/a><\/div>\n\n<\/div>\r\n<\/div>\r\n<\/div>\r\n<\/div><\/div><\/div>\n\n\n\n<div class=\"wp-block-columns sykli-numeroina is-layout-flex wp-container-core-columns-is-layout-9d6595d7 wp-block-columns-is-layout-flex\">\n<div class=\"wp-block-column is-layout-flow wp-block-column-is-layout-flow\"><div class=\"scrolling-numbers\">\r\n    \r\n        <h2>\r\n\r\n            \r\n                <span class=\"scrlnumber \">66<\/span>\r\n\r\n                    <\/h2>\r\n        <p>utbildningsinstitutioner har deltagit i att bygga upp h\u00e5llbarhetsf\u00e4rdplanen f\u00f6r yrkesutbildningen som en del av VASKI-projektet.<\/p>\r\n\r\n    <\/div><\/div>\n\n\n\n<div class=\"wp-block-column is-layout-flow wp-block-column-is-layout-flow\"><div class=\"scrolling-numbers\">\r\n    \r\n        <h2>\r\n\r\n            \r\n                <span class=\"scrlnumber \">88<\/span>\r\n\r\n                    <\/h2>\r\n        <p>utbildningsinstitutioner har genomf\u00f6rt en sj\u00e4lvutv\u00e4rdering g\u00e4llande h\u00e5llbarhet med en gemensam blankett fram till 5\/2024.<\/p>\r\n\r\n    <\/div><\/div>\n\n\n\n<div class=\"wp-block-column is-layout-flow wp-block-column-is-layout-flow\"><div class=\"scrolling-numbers\">\r\n    \r\n        <h2>\r\n\r\n            \r\n                <span class=\"scrlnumber \">25<\/span>\r\n\r\n                    <\/h2>\r\n        <p>utbildningsinstitutioner har ber\u00e4knat sitt koldioxidavtryck f\u00f6r 2022 och rapporterat det p\u00e5 en gemensam plattform.<\/p>\r\n\r\n    <\/div><\/div>\n<\/div>\n\n\n\n<h2 class=\"wp-block-heading has-text-align-center is-style-decorative-text has-x-large-font-size\">Ansvarsfull och <strong>h\u00e5llbar <\/strong>yrkesutbildning<\/h2>\n\n\n\n<p><\/p>\n","protected":false},"excerpt":{"rendered":"<p>Yrkesutbildning 2030 \u2013 En h\u00e5llbar framtid tillsammans H\u00e5llbarhetsf\u00e4rdplanen beskriver yrkesutbildningens resa mot ett koldioxidneutralt samh\u00e4lle som verkar inom gr\u00e4nserna f\u00f6r naturens b\u00e4rkraft. Utbildningens v\u00e4rdegrund, uppgifter och roll f\u00f6rnyas f\u00f6r att genomf\u00f6ra \u00f6verg\u00e5ngen mot en h\u00e5llbar livsstil. Ansvarsfull och h\u00e5llbar yrkesutbildning<\/p>\n","protected":false},"author":1,"featured_media":0,"parent":0,"menu_order":0,"comment_status":"closed","ping_status":"closed","template":"","meta":{"_acf_changed":false,"footnotes":""},"class_list":["post-5324","page","type-page","status-publish","hentry"],"acf":[],"aioseo_notices":[],"_links":{"self":[{"href":"https:\/\/kartallaverkosto.fi\/sv\/wp-json\/wp\/v2\/pages\/5324","targetHints":{"allow":["GET"]}}],"collection":[{"href":"https:\/\/kartallaverkosto.fi\/sv\/wp-json\/wp\/v2\/pages"}],"about":[{"href":"https:\/\/kartallaverkosto.fi\/sv\/wp-json\/wp\/v2\/types\/page"}],"author":[{"embeddable":true,"href":"https:\/\/kartallaverkosto.fi\/sv\/wp-json\/wp\/v2\/users\/1"}],"replies":[{"embeddable":true,"href":"https:\/\/kartallaverkosto.fi\/sv\/wp-json\/wp\/v2\/comments?post=5324"}],"version-history":[{"count":10,"href":"https:\/\/kartallaverkosto.fi\/sv\/wp-json\/wp\/v2\/pages\/5324\/revisions"}],"predecessor-version":[{"id":6937,"href":"https:\/\/kartallaverkosto.fi\/sv\/wp-json\/wp\/v2\/pages\/5324\/revisions\/6937"}],"wp:attachment":[{"href":"https:\/\/kartallaverkosto.fi\/sv\/wp-json\/wp\/v2\/media?parent=5324"}],"curies":[{"name":"wp","href":"https:\/\/api.w.org\/{rel}","templated":true}]}}