{"id":5353,"date":"2024-06-13T09:07:11","date_gmt":"2024-06-13T06:07:11","guid":{"rendered":"https:\/\/kartallaverkosto.fi\/?page_id=5353"},"modified":"2024-11-11T14:29:07","modified_gmt":"2024-11-11T12:29:07","slug":"fordjupa-hallbarhetskompetens","status":"publish","type":"page","link":"https:\/\/kartallaverkosto.fi\/sv\/utforska-fardplanen\/fordjupa-hallbarhetskompetens\/","title":{"rendered":"F\u00f6rdjupa h\u00e5llbarhetskompetens"},"content":{"rendered":"\n<h1 class=\"wp-block-heading has-text-align-center\">F\u00f6rdjupa h\u00e5llbarhetskompetens<\/h1>\n\n\n\n<div class=\"wp-block-columns is-style-narrow is-layout-flex wp-container-core-columns-is-layout-9d6595d7 wp-block-columns-is-layout-flex\">\n<div class=\"wp-block-column is-layout-flow wp-block-column-is-layout-flow\">\n<p>H\u00e5llbarhetskompetens \u00e4r yrkespersoners f\u00f6rm\u00e5ga att fr\u00e4mja omst\u00e4llningen till ett h\u00e5llbart samh\u00e4lle genom sitt arbete.<\/p>\n\n\n\n<p>Yrkesutbildningen kan endast utvecklas till att bygga en h\u00e5llbar framtid om h\u00e5llbarhetskompetensen hos de som genomf\u00f6r utbildningen f\u00f6rdjupas och st\u00e4rks. Detta inneb\u00e4r att b\u00e5de allm\u00e4nna h\u00e5llbarhetskunskaper och arbetsuppgiftsspecifika f\u00e4rdigheter m\u00e5ste f\u00f6rb\u00e4ttras inom olika yrkesroller.<\/p>\n\n\n\n<p>I f\u00e4rdplanen hittar du m\u00e5len och \u00e5tg\u00e4rdsv\u00e4garna f\u00f6r att st\u00e4rka personalens h\u00e5llbarhetskompetens!<\/p>\n<\/div>\n<\/div>\n\n\n<div class=\"wp-block-image\">\n<figure class=\"aligncenter size-large is-resized\"><img loading=\"lazy\" decoding=\"async\" width=\"1024\" height=\"721\" src=\"https:\/\/kartallaverkosto.fi\/wp-content\/uploads\/2024\/11\/vaski-kuvitukset-13-1-1024x721.png\" alt=\"\" class=\"wp-image-5354\" style=\"width:816px;height:auto\" srcset=\"https:\/\/kartallaverkosto.fi\/wp-content\/uploads\/2024\/11\/vaski-kuvitukset-13-1-1024x721.png 1024w, https:\/\/kartallaverkosto.fi\/wp-content\/uploads\/2024\/11\/vaski-kuvitukset-13-1-300x211.png 300w, https:\/\/kartallaverkosto.fi\/wp-content\/uploads\/2024\/11\/vaski-kuvitukset-13-1-768x540.png 768w, https:\/\/kartallaverkosto.fi\/wp-content\/uploads\/2024\/11\/vaski-kuvitukset-13-1-1536x1081.png 1536w, https:\/\/kartallaverkosto.fi\/wp-content\/uploads\/2024\/11\/vaski-kuvitukset-13-1-2048x1441.png 2048w\" sizes=\"auto, (max-width: 1024px) 100vw, 1024px\" \/><\/figure>\n<\/div>\n\n\n<div class=\"wp-block-columns is-style-narrow is-layout-flex wp-container-core-columns-is-layout-9d6595d7 wp-block-columns-is-layout-flex\">\n<div class=\"wp-block-column is-layout-flow wp-block-column-is-layout-flow\">\n<p>Genom att bli medlem i h\u00e5llbarhetsn\u00e4tverket f\u00f6r yrkesutbildning f\u00e5r du tillg\u00e5ng till n\u00e4tverkets medlemssidor (\u00f6ppnas senare under 2024), d\u00e4r du hittar ett stort urval av material f\u00f6r att integrera h\u00e5llbarhetskompetens i ditt arbete. Materialen \u00e4r utformade f\u00f6r att st\u00f6da din kompetensutveckling, oavsett om du \u00e4r l\u00e4rare, studiehandledare, projektarbetare, ekonomiansvarig eller arbetar inom st\u00f6dtj\u00e4nster!<\/p>\n\n\n\n<p>Som medlem i n\u00e4tverket f\u00e5r du m\u00f6jlighet att diskutera med l\u00e4rare inom ditt omr\u00e5de via branschspecifika diskussionsforum. Dessutom s\u00e5 kan du l\u00e4ra dig mera om h\u00e5llbarhetsarbete som genomf\u00f6rs i samarbete inom de branschspecifika n\u00e4tverken och h\u00e5llbarhetsakademierna. De som arbetar med personalutveckling hittar ocks\u00e5 gott om st\u00f6d och l\u00f6sningar f\u00f6r att systematiskt utveckla h\u00e5llbarhetskompetensen, b\u00e5de p\u00e5 n\u00e4tverkets medlemssida och p\u00e5 h\u00e5llbarhetsf\u00e4rdplanens ThingLink-plattform.<\/p>\n\n\n\n<div style=\"height:100px\" aria-hidden=\"true\" class=\"wp-block-spacer\"><\/div>\n\n\n\n<div class=\"wp-block-columns is-style-narrow is-layout-flex wp-container-core-columns-is-layout-9d6595d7 wp-block-columns-is-layout-flex\">\n<div class=\"wp-block-column is-layout-flow wp-block-column-is-layout-flow\"><div class=\"scrolling-numbers\">\r\n    \r\n        <h2>\r\n\r\n            \r\n                <span class=\"scrlnumber \">22<\/span>\r\n\r\n                    <\/h2>\r\n        <p>procent av de utbildningsinstitutioner som genomf\u00f6rt sj\u00e4lvutv\u00e4rderingen fram till 7\/2024 utv\u00e4rderar, utvecklar och f\u00f6ljer systematiskt upp niv\u00e5n p\u00e5 personalens h\u00e5llbarhetskompetens.<\/p>\r\n\r\n    <\/div><\/div>\n\n\n\n<div class=\"wp-block-column is-layout-flow wp-block-column-is-layout-flow\"><div class=\"scrolling-numbers\">\r\n    \r\n        <h2>\r\n\r\n            \r\n                <span class=\"scrlnumber \">55<\/span>\r\n\r\n                    <\/h2>\r\n        <p>procent av de utbildningsinstitutioner som genomf\u00f6rt sj\u00e4lvutv\u00e4rderingen fram till 7\/2024 avs\u00e4tter resurser f\u00f6r en omfattande och m\u00e5ngsidig utveckling av personalens h\u00e5llbarhetskompetens.<\/p>\r\n\r\n    <\/div><\/div>\n<\/div>\n<\/div>\n<\/div>\n","protected":false},"excerpt":{"rendered":"<p>F\u00f6rdjupa h\u00e5llbarhetskompetens H\u00e5llbarhetskompetens \u00e4r yrkespersoners f\u00f6rm\u00e5ga att fr\u00e4mja omst\u00e4llningen till ett h\u00e5llbart samh\u00e4lle genom sitt arbete. Yrkesutbildningen kan endast utvecklas till att bygga en h\u00e5llbar framtid om h\u00e5llbarhetskompetensen hos de som genomf\u00f6r utbildningen f\u00f6rdjupas och st\u00e4rks. Detta inneb\u00e4r att b\u00e5de allm\u00e4nna h\u00e5llbarhetskunskaper och arbetsuppgiftsspecifika f\u00e4rdigheter m\u00e5ste f\u00f6rb\u00e4ttras inom olika yrkesroller. I f\u00e4rdplanen hittar du m\u00e5len [&hellip;]<\/p>\n","protected":false},"author":1,"featured_media":0,"parent":5331,"menu_order":4,"comment_status":"closed","ping_status":"closed","template":"page.php","meta":{"_acf_changed":false,"footnotes":""},"class_list":["post-5353","page","type-page","status-publish","hentry"],"acf":[],"aioseo_notices":[],"_links":{"self":[{"href":"https:\/\/kartallaverkosto.fi\/sv\/wp-json\/wp\/v2\/pages\/5353","targetHints":{"allow":["GET"]}}],"collection":[{"href":"https:\/\/kartallaverkosto.fi\/sv\/wp-json\/wp\/v2\/pages"}],"about":[{"href":"https:\/\/kartallaverkosto.fi\/sv\/wp-json\/wp\/v2\/types\/page"}],"author":[{"embeddable":true,"href":"https:\/\/kartallaverkosto.fi\/sv\/wp-json\/wp\/v2\/users\/1"}],"replies":[{"embeddable":true,"href":"https:\/\/kartallaverkosto.fi\/sv\/wp-json\/wp\/v2\/comments?post=5353"}],"version-history":[{"count":1,"href":"https:\/\/kartallaverkosto.fi\/sv\/wp-json\/wp\/v2\/pages\/5353\/revisions"}],"predecessor-version":[{"id":5356,"href":"https:\/\/kartallaverkosto.fi\/sv\/wp-json\/wp\/v2\/pages\/5353\/revisions\/5356"}],"up":[{"embeddable":true,"href":"https:\/\/kartallaverkosto.fi\/sv\/wp-json\/wp\/v2\/pages\/5331"}],"wp:attachment":[{"href":"https:\/\/kartallaverkosto.fi\/sv\/wp-json\/wp\/v2\/media?parent=5353"}],"curies":[{"name":"wp","href":"https:\/\/api.w.org\/{rel}","templated":true}]}}