{"id":5363,"date":"2024-06-13T09:08:51","date_gmt":"2024-06-13T06:08:51","guid":{"rendered":"https:\/\/kartallaverkosto.fi\/?page_id=5363"},"modified":"2024-11-11T14:36:11","modified_gmt":"2024-11-11T12:36:11","slug":"utvidga-partnerskap","status":"publish","type":"page","link":"https:\/\/kartallaverkosto.fi\/sv\/utforska-fardplanen\/utvidga-partnerskap\/","title":{"rendered":"Utvidga partnerskap"},"content":{"rendered":"\n<h1 class=\"wp-block-heading has-text-align-center\">Utvidga partnerskap<\/h1>\n\n\n\n<div class=\"wp-block-columns is-style-narrow is-layout-flex wp-container-core-columns-is-layout-9d6595d7 wp-block-columns-is-layout-flex\">\n<div class=\"wp-block-column is-layout-flow wp-block-column-is-layout-flow\">\n<p>Yrkesutbildning genomf\u00f6rs i samarbete med olika partners \u2013 Arbetsplatser, grundskolor, gymnasier, yrkesh\u00f6gskolor, universitet, forskningsinstitut, organisationer och intressef\u00f6reningar arbetar tillsammans med yrkesutbildningen f\u00f6r att m\u00f6jligg\u00f6ra smidiga utbildningsstigar f\u00f6r studenter i olika \u00e5ldrar. Dessa partnerskap kan f\u00f6rdjupas och anv\u00e4ndas f\u00f6r att bygga en h\u00e5llbar framtid. Studenternas h\u00e5llbarhetskompetens och utbildningsinstitutionen som en h\u00e5llbar l\u00e4rmilj\u00f6 skapas just genom samarbete!<\/p>\n<\/div>\n<\/div>\n\n\n<div class=\"wp-block-image\">\n<figure class=\"aligncenter size-large is-resized\"><img loading=\"lazy\" decoding=\"async\" width=\"1024\" height=\"585\" src=\"https:\/\/kartallaverkosto.fi\/wp-content\/uploads\/2024\/07\/picture6-1024x585.png\" alt=\"\" class=\"wp-image-4502\" style=\"width:1024px;height:auto\" srcset=\"https:\/\/kartallaverkosto.fi\/wp-content\/uploads\/2024\/07\/picture6-1024x585.png 1024w, https:\/\/kartallaverkosto.fi\/wp-content\/uploads\/2024\/07\/picture6-300x171.png 300w, https:\/\/kartallaverkosto.fi\/wp-content\/uploads\/2024\/07\/picture6-768x439.png 768w, https:\/\/kartallaverkosto.fi\/wp-content\/uploads\/2024\/07\/picture6.png 1379w\" sizes=\"auto, (max-width: 1024px) 100vw, 1024px\" \/><\/figure>\n<\/div>\n\n\n<div class=\"wp-block-columns is-style-narrow is-layout-flex wp-container-core-columns-is-layout-9d6595d7 wp-block-columns-is-layout-flex\">\n<div class=\"wp-block-column is-layout-flow wp-block-column-is-layout-flow\">\n<p>Arbetsplatser \u00e4r centrala partners f\u00f6r yrkesutbildningen i att bygga en h\u00e5llbar framtid. P\u00e5 arbetsplatser som verkar h\u00e5llbart och under praktikperioder s\u00e5 l\u00e4r sig studenter ansvarstagande yrkeskompetens. Samtidigt kan studenter med h\u00e5llbarhetskompetens bidra till att f\u00f6rnya arbetsplatsens rutiner och g\u00f6ra dem mer h\u00e5llbara, genom sitt kunnande eller som en del av de kurser de genomf\u00f6r under sina praktikperioder. F\u00f6r att st\u00e4rka h\u00e5llbarhetskompetensen beh\u00f6vs alla akt\u00f6rer inom olika branscher, fr\u00e5n utbildningsanordnare till student- och fackorganisationer samt forskningsinstitutioner.<\/p>\n\n\n\n<p>Utforska h\u00e5llbarhetsf\u00e4rdplanens branschspecifika n\u00e4tverk och ThingLink-exemplen f\u00f6r att l\u00e4ra dig mer om samarbeten och praxis som bidrar till att bygga en h\u00e5llbar framtid!<\/p>\n\n\n\n<div class=\"wp-block-columns is-style-narrow is-layout-flex wp-container-core-columns-is-layout-9d6595d7 wp-block-columns-is-layout-flex\">\n<div class=\"wp-block-column is-layout-flow wp-block-column-is-layout-flow\"><div class=\"scrolling-numbers\">\r\n    \r\n        <h2>\r\n\r\n            \r\n                <span class=\"scrlnumber \">72<\/span>\r\n\r\n                    <\/h2>\r\n        <p>procent av de utbildningsinstitutioner som genomf\u00f6rt sj\u00e4lvutv\u00e4rderingen fram till 7\/2024 involverar det lokala arbets- och n\u00e4ringslivet i utvecklingen av utbildningsinneh\u00e5ll.<\/p>\r\n\r\n    <\/div><\/div>\n\n\n\n<div class=\"wp-block-column is-layout-flow wp-block-column-is-layout-flow\"><\/div>\n<\/div>\n\n\n\n<div class=\"wp-block-buttons is-content-justification-center is-layout-flex wp-container-core-buttons-is-layout-16018d1d wp-block-buttons-is-layout-flex\">\n<div class=\"wp-block-button\"><a class=\"wp-block-button__link wp-element-button\" href=\"https:\/\/kartallaverkosto.fi\/tapahtumakalenteri\/\">Tutustu Vastuullisuusakatemioiden tapahtumiin ja tilaisuuksiin<\/a><\/div>\n<\/div>\n\n\n\n<p><a id=\"_msocom_1\"><\/a><\/p>\n<\/div>\n<\/div>\n","protected":false},"excerpt":{"rendered":"<p>Utvidga partnerskap Yrkesutbildning genomf\u00f6rs i samarbete med olika partners \u2013 Arbetsplatser, grundskolor, gymnasier, yrkesh\u00f6gskolor, universitet, forskningsinstitut, organisationer och intressef\u00f6reningar arbetar tillsammans med yrkesutbildningen f\u00f6r att m\u00f6jligg\u00f6ra smidiga utbildningsstigar f\u00f6r studenter i olika \u00e5ldrar. Dessa partnerskap kan f\u00f6rdjupas och anv\u00e4ndas f\u00f6r att bygga en h\u00e5llbar framtid. Studenternas h\u00e5llbarhetskompetens och utbildningsinstitutionen som en h\u00e5llbar l\u00e4rmilj\u00f6 skapas just [&hellip;]<\/p>\n","protected":false},"author":1,"featured_media":0,"parent":5331,"menu_order":6,"comment_status":"closed","ping_status":"closed","template":"page-no-title.php","meta":{"_acf_changed":false,"footnotes":""},"class_list":["post-5363","page","type-page","status-publish","hentry"],"acf":[],"aioseo_notices":[],"_links":{"self":[{"href":"https:\/\/kartallaverkosto.fi\/sv\/wp-json\/wp\/v2\/pages\/5363","targetHints":{"allow":["GET"]}}],"collection":[{"href":"https:\/\/kartallaverkosto.fi\/sv\/wp-json\/wp\/v2\/pages"}],"about":[{"href":"https:\/\/kartallaverkosto.fi\/sv\/wp-json\/wp\/v2\/types\/page"}],"author":[{"embeddable":true,"href":"https:\/\/kartallaverkosto.fi\/sv\/wp-json\/wp\/v2\/users\/1"}],"replies":[{"embeddable":true,"href":"https:\/\/kartallaverkosto.fi\/sv\/wp-json\/wp\/v2\/comments?post=5363"}],"version-history":[{"count":1,"href":"https:\/\/kartallaverkosto.fi\/sv\/wp-json\/wp\/v2\/pages\/5363\/revisions"}],"predecessor-version":[{"id":5364,"href":"https:\/\/kartallaverkosto.fi\/sv\/wp-json\/wp\/v2\/pages\/5363\/revisions\/5364"}],"up":[{"embeddable":true,"href":"https:\/\/kartallaverkosto.fi\/sv\/wp-json\/wp\/v2\/pages\/5331"}],"wp:attachment":[{"href":"https:\/\/kartallaverkosto.fi\/sv\/wp-json\/wp\/v2\/media?parent=5363"}],"curies":[{"name":"wp","href":"https:\/\/api.w.org\/{rel}","templated":true}]}}