{"id":5365,"date":"2024-06-13T09:09:19","date_gmt":"2024-06-13T06:09:19","guid":{"rendered":"https:\/\/kartallaverkosto.fi\/?page_id=5365"},"modified":"2024-11-11T14:40:24","modified_gmt":"2024-11-11T12:40:24","slug":"minska-miljopaverkan","status":"publish","type":"page","link":"https:\/\/kartallaverkosto.fi\/sv\/utforska-fardplanen\/minska-miljopaverkan\/","title":{"rendered":"Minska milj\u00f6p\u00e5verkan"},"content":{"rendered":"\n<h1 class=\"wp-block-heading has-text-align-center\">Minska milj\u00f6p\u00e5verkan<\/h1>\n\n\n\n<div class=\"wp-block-columns is-style-narrow is-layout-flex wp-container-core-columns-is-layout-9d6595d7 wp-block-columns-is-layout-flex\">\n<div class=\"wp-block-column is-layout-flow wp-block-column-is-layout-flow\">\n<p>Visionen f\u00f6r h\u00e5llbarhetsf\u00e4rdplanen f\u00f6r yrkesutbildningen \u00e4r att bygga ett koldioxidneutralt samh\u00e4lle som verkar inom naturens gr\u00e4nser. F\u00e4rdigheterna f\u00f6r en h\u00e5llbar framtid l\u00e4rs b\u00e4st p\u00e5 utbildningsinstitutioner och arbetsplatser som sj\u00e4lva utvecklar sin verksamhet till h\u00e5llbarhet. Genom att beakta och minska sin klimat- och naturp\u00e5verkan skapas en verksamhetsmilj\u00f6 d\u00e4r h\u00e5llbar livsstil blir en naturlig del av vardagen. Utbildningsinstitutioner eller arbetsplatser kan ocks\u00e5 ta en aktiv roll i att utveckla och sprida l\u00f6sningar f\u00f6r en cirkul\u00e4r och regenerativ ekonomi, till exempel p\u00e5 regional niv\u00e5.<\/p>\n<\/div>\n<\/div>\n\n\n<div class=\"wp-block-image\">\n<figure class=\"aligncenter size-large is-resized\"><img loading=\"lazy\" decoding=\"async\" width=\"1024\" height=\"600\" src=\"https:\/\/kartallaverkosto.fi\/wp-content\/uploads\/2024\/11\/vaski-kuvitukset-15-1024x600.png\" alt=\"\" class=\"wp-image-5367\" style=\"width:1038px;height:auto\" srcset=\"https:\/\/kartallaverkosto.fi\/wp-content\/uploads\/2024\/11\/vaski-kuvitukset-15-1024x600.png 1024w, https:\/\/kartallaverkosto.fi\/wp-content\/uploads\/2024\/11\/vaski-kuvitukset-15-300x176.png 300w, https:\/\/kartallaverkosto.fi\/wp-content\/uploads\/2024\/11\/vaski-kuvitukset-15-768x450.png 768w, https:\/\/kartallaverkosto.fi\/wp-content\/uploads\/2024\/11\/vaski-kuvitukset-15-1536x901.png 1536w, https:\/\/kartallaverkosto.fi\/wp-content\/uploads\/2024\/11\/vaski-kuvitukset-15-2048x1201.png 2048w\" sizes=\"auto, (max-width: 1024px) 100vw, 1024px\" \/><\/figure>\n<\/div>\n\n\n<div class=\"wp-block-columns is-style-narrow is-layout-flex wp-container-core-columns-is-layout-9d6595d7 wp-block-columns-is-layout-flex\">\n<div class=\"wp-block-column is-layout-flow wp-block-column-is-layout-flow\">\n<p>Som en del av arbetet med h\u00e5llbarhetsf\u00e4rdplanen har ett verktyg f\u00f6r ber\u00e4kning av koldioxidavtryck, s\u00e4rskilt anpassat f\u00f6r yrkesutbildning, utvecklats \u2013 koldioxidavtryckskalkylatorn. Rekommendationen \u00e4r att en utbildningsinstitution som \u00e5tar sig f\u00e4rdplansarbetet \u00e5rligen ber\u00e4knar sitt eget avtryck och utformar planer p\u00e5 utsl\u00e4ppsminskning baserat p\u00e5 ber\u00e4kningen, vars genomf\u00f6rande uppf\u00f6ljs. \u00a0Resultaten fr\u00e5n koldioxidavtrycksber\u00e4kningen rapporteras \u00e5rligen p\u00e5 en gemensam plattform. Denna uppf\u00f6ljning ger en \u00f6verblick \u00f6ver hur f\u00e4rdplanens m\u00e5l uppfylls.<\/p>\n\n\n\n<div class=\"wp-block-columns is-style-narrow is-layout-flex wp-container-core-columns-is-layout-9d6595d7 wp-block-columns-is-layout-flex\">\n<div class=\"wp-block-column is-layout-flow wp-block-column-is-layout-flow\"><div class=\"scrolling-numbers\">\r\n    \r\n        <h2>\r\n\r\n            \r\n                <span class=\"scrlnumber \">38<\/span>\r\n\r\n                    <\/h2>\r\n        <p>procent av de utbildningsinstitutioner som genomf\u00f6rt sj\u00e4lvutv\u00e4rderingen fram till 7\/2024 ber\u00e4knade sitt koldioxidavtryck f\u00f6r 2022 under 2023 och rapporterade det via den gemensamma rapporteringsplattformen.<\/p>\r\n\r\n    <\/div><\/div>\n\n\n\n<div class=\"wp-block-column is-layout-flow wp-block-column-is-layout-flow\"><\/div>\n<\/div>\n\n\n\n<div style=\"height:30px\" aria-hidden=\"true\" class=\"wp-block-spacer\"><\/div>\n\n\n\n<div class=\"wp-block-buttons is-layout-flex wp-block-buttons-is-layout-flex\">\n<div class=\"wp-block-button\"><a class=\"wp-block-button__link wp-element-button\" href=\"https:\/\/kartallaverkosto.fi\/wp-content\/uploads\/2024\/07\/vaski-tp-7-hiilijalanjaljen-laskemisen-tyokalu-2023-ver-171-1.xlsx\">Ladda ner kalkylatorn f\u00f6r koldioxidavtrycksber\u00e4kning f\u00f6r 2023 (p\u00e5 finska).<\/a><\/div>\n<\/div>\n\n\n\n<div style=\"height:30px\" aria-hidden=\"true\" class=\"wp-block-spacer\"><\/div>\n\n\n\n<p class=\"mt-3\">Bekanta dig med &nbsp;ber\u00e4kningen och st\u00f6dmaterialen f\u00f6r ber\u00e4kningen p\u00e5 ThingLink \u2013 Kom med i n\u00e4tverket och f\u00e5 tillg\u00e5ng till verktygen och rapporteringsplattformen.<\/p>\n\n\n\n<p>S\u00f6k efter utbildningar och evenemang som hj\u00e4lper din utbildningsinstitution att minska sitt koldioxidavtryck, ekologiska fotavtryck och milj\u00f6p\u00e5verkan.<\/p>\n<\/div>\n<\/div>\n","protected":false},"excerpt":{"rendered":"<p>Minska milj\u00f6p\u00e5verkan Visionen f\u00f6r h\u00e5llbarhetsf\u00e4rdplanen f\u00f6r yrkesutbildningen \u00e4r att bygga ett koldioxidneutralt samh\u00e4lle som verkar inom naturens gr\u00e4nser. F\u00e4rdigheterna f\u00f6r en h\u00e5llbar framtid l\u00e4rs b\u00e4st p\u00e5 utbildningsinstitutioner och arbetsplatser som sj\u00e4lva utvecklar sin verksamhet till h\u00e5llbarhet. Genom att beakta och minska sin klimat- och naturp\u00e5verkan skapas en verksamhetsmilj\u00f6 d\u00e4r h\u00e5llbar livsstil blir en naturlig del [&hellip;]<\/p>\n","protected":false},"author":1,"featured_media":0,"parent":5331,"menu_order":7,"comment_status":"closed","ping_status":"closed","template":"page-no-title.php","meta":{"_acf_changed":false,"footnotes":""},"class_list":["post-5365","page","type-page","status-publish","hentry"],"acf":[],"aioseo_notices":[],"_links":{"self":[{"href":"https:\/\/kartallaverkosto.fi\/sv\/wp-json\/wp\/v2\/pages\/5365","targetHints":{"allow":["GET"]}}],"collection":[{"href":"https:\/\/kartallaverkosto.fi\/sv\/wp-json\/wp\/v2\/pages"}],"about":[{"href":"https:\/\/kartallaverkosto.fi\/sv\/wp-json\/wp\/v2\/types\/page"}],"author":[{"embeddable":true,"href":"https:\/\/kartallaverkosto.fi\/sv\/wp-json\/wp\/v2\/users\/1"}],"replies":[{"embeddable":true,"href":"https:\/\/kartallaverkosto.fi\/sv\/wp-json\/wp\/v2\/comments?post=5365"}],"version-history":[{"count":2,"href":"https:\/\/kartallaverkosto.fi\/sv\/wp-json\/wp\/v2\/pages\/5365\/revisions"}],"predecessor-version":[{"id":5369,"href":"https:\/\/kartallaverkosto.fi\/sv\/wp-json\/wp\/v2\/pages\/5365\/revisions\/5369"}],"up":[{"embeddable":true,"href":"https:\/\/kartallaverkosto.fi\/sv\/wp-json\/wp\/v2\/pages\/5331"}],"wp:attachment":[{"href":"https:\/\/kartallaverkosto.fi\/sv\/wp-json\/wp\/v2\/media?parent=5365"}],"curies":[{"name":"wp","href":"https:\/\/api.w.org\/{rel}","templated":true}]}}