{"id":5370,"date":"2024-06-13T08:51:34","date_gmt":"2024-06-13T05:51:34","guid":{"rendered":"https:\/\/kartallaverkosto.fi\/?page_id=5370"},"modified":"2024-11-12T09:45:06","modified_gmt":"2024-11-12T07:45:06","slug":"kom-med-i-natverket","status":"publish","type":"page","link":"https:\/\/kartallaverkosto.fi\/sv\/kom-med-i-natverket\/","title":{"rendered":"Kom med i n\u00e4tverket"},"content":{"rendered":"\n<h1 class=\"wp-block-heading has-text-align-center\">Kom med i n\u00e4tverket<\/h1>\n\n\n\n<div class=\"wp-block-columns is-style-narrow is-layout-flex wp-container-core-columns-is-layout-9d6595d7 wp-block-columns-is-layout-flex\">\n<div class=\"wp-block-column is-layout-flow wp-block-column-is-layout-flow\">\n<h2 class=\"wp-block-heading\"><a>Engagera dig som utbildningsinstitution eller samarbetspartner!<\/a><\/h2>\n\n\n\n<p>Kartalla \u2013 p\u00e5 Kartan \u00e4r ett n\u00e4tverk f\u00f6r yrkesutbildningsinstitutioner och deras samarbetspartners f\u00f6r att bygga en h\u00e5llbar framtid.<br><br>Yrkesutbildningsinstitutioner kan ansluta sig till n\u00e4tverket Kartalla \u2013 p\u00e5 Kartan genom att fylla i engagemangsformul\u00e4ret f\u00f6r utbildningsinstitutioner. M\u00e5let \u00e4r att alla yrkesutbildningsinstitutioner i Finland ska ansluta sig till n\u00e4tverket och synligg\u00f6ra sitt h\u00e5llbarhetsarbete i samband med sitt \u00e5tagande. N\u00e4tverkets medlemmar f\u00e5r tillg\u00e5ng till ett omfattande paket av verktyg f\u00f6r h\u00e5llbarhetsarbete och kan f\u00f6lja framstegen i sitt h\u00e5llbarhetsarbete med gemensamma m\u00e4tverktyg.<br><br>Arbetslivspartners, f\u00f6retag, forskningsorganisationer och andra partners kan ansluta sig till branschspecifika n\u00e4tverk. De branschspecifika n\u00e4tverken arbetar gemensamt f\u00f6r att bygga en h\u00e5llbar framtid inom respektive bransch. Partners ansluter sig genom att fylla i engagemangsformul\u00e4ret f\u00f6r partners, d\u00e4r de synligg\u00f6r de samarbetsformer som de \u00e4r intresserade av tillsammans med yrkesutbildningsinstitutionerna. \u00c4ven partners f\u00e5r som n\u00e4tverksmedlemmar tillg\u00e5ng till verktyg som st\u00f6der h\u00e5llbarhetsarbete.<\/p>\n\n\n\n<p>\u00c4ven enskilda personer, fr\u00e5n yrkesutbildningens personal till studenter, kan g\u00e5 med i n\u00e4tverket och f\u00e5 tillg\u00e5ng till material som st\u00e4rker deras h\u00e5llbarhetskompetens. Enskilda personer kan registrera sig i n\u00e4tverket via medlemssidorna som \u00f6ppnas senare.<\/p>\n<\/div>\n<\/div>\n\n\n\n<div class=\"wp-block-buttons m-5 is-vertical is-content-justification-center is-nowrap is-layout-flex wp-container-core-buttons-is-layout-534da0b3 wp-block-buttons-is-layout-flex\">\n<div class=\"wp-block-button has-custom-font-size has-medium-font-size\"><a class=\"wp-block-button__link wp-element-button\" href=\"https:\/\/kartallaverkosto.fi\/sv\/kom-med-i-natverket\/formular-for-atagande-till-natverket-for-utbildningsinstitutioner\/\">Formul\u00e4r f\u00f6r \u00e5tagande till utbildningsinstitutionernas n\u00e4tverk (p\u00e5 finska)<\/a><\/div>\n\n\n\n<div class=\"wp-block-button has-custom-font-size has-medium-font-size\"><a class=\"wp-block-button__link wp-element-button\" href=\"https:\/\/kartallaverkosto.fi\/sv\/kom-med-i-natverket\/formular-for-atagande-till-natverket-for-utbildningsinstitutionernas-partners\/\">Formul\u00e4r f\u00f6r \u00e5tagande till n\u00e4tverket f\u00f6r utbildningsinstitutionernas partners (p\u00e5 finska)<\/a><\/div>\n<\/div>\n\n\n\n<div class=\"wp-block-columns is-style-narrow is-layout-flex wp-container-core-columns-is-layout-9d6595d7 wp-block-columns-is-layout-flex\">\n<div class=\"wp-block-column is-layout-flow wp-block-column-is-layout-flow\">\n<h2 class=\"wp-block-heading\">Engagemang i n\u00e4tverket och hur det kommuniceras<\/h2>\n\n\n\n<p>Utbildningsinstitutioner engagerar sig i n\u00e4tverket genom att fylla i engagemangsformul\u00e4ret.<\/p>\n\n\n\n<p><strong>Vid anslutning till n\u00e4tverket f\u00f6rbinder sig utbildningsinstitutionen att:<\/strong><\/p>\n\n\n\n<ul class=\"wp-block-list\">\n<li>Uppdatera informationen i engagemangsformul\u00e4ret<\/li>\n\n\n\n<li>Genomf\u00f6ra en \u00e5rlig sj\u00e4lvutv\u00e4rdering av f\u00e4rdplansarbetets framsteg (l\u00e4nk till enk\u00e4ten)<\/li>\n\n\n\n<li>Det \u00e4r ocks\u00e5 starkt rekommenderat att den engagerade utbildningsinstitutionen ber\u00e4knar sitt koldioxidavtryck och rapporterar resultaten i den gemensamma rapporteringsmallen.<\/li>\n<\/ul>\n\n\n<div class=\"wp-block-image\">\n<figure class=\"alignright size-large is-resized\"><img loading=\"lazy\" decoding=\"async\" width=\"1024\" height=\"1024\" src=\"https:\/\/kartallaverkosto.fi\/wp-content\/uploads\/2024\/11\/ru-kestavaa-tulevaisuutta-yhdessa-netti-vihrea-1-1024x1024.png\" alt=\"\" class=\"wp-image-5339\" style=\"width:127px;height:auto\" srcset=\"https:\/\/kartallaverkosto.fi\/wp-content\/uploads\/2024\/11\/ru-kestavaa-tulevaisuutta-yhdessa-netti-vihrea-1-1024x1024.png 1024w, https:\/\/kartallaverkosto.fi\/wp-content\/uploads\/2024\/11\/ru-kestavaa-tulevaisuutta-yhdessa-netti-vihrea-1-300x300.png 300w, https:\/\/kartallaverkosto.fi\/wp-content\/uploads\/2024\/11\/ru-kestavaa-tulevaisuutta-yhdessa-netti-vihrea-1-150x150.png 150w, https:\/\/kartallaverkosto.fi\/wp-content\/uploads\/2024\/11\/ru-kestavaa-tulevaisuutta-yhdessa-netti-vihrea-1-768x769.png 768w, https:\/\/kartallaverkosto.fi\/wp-content\/uploads\/2024\/11\/ru-kestavaa-tulevaisuutta-yhdessa-netti-vihrea-1.png 1090w\" sizes=\"auto, (max-width: 1024px) 100vw, 1024px\" \/><\/figure>\n<\/div>\n\n\n<p>Yrkesutbildningsinstitutionernas partners kan ansluta sig till n\u00e4tverket och bygga en h\u00e5llbar framtid genom att fylla i partnernas engagemangsformul\u00e4r. Vid anslutning till n\u00e4tverket f\u00f6rbinder sig partnern att uppdatera informationen i formul\u00e4ret. Kommunikationen om engagemanget sker med hj\u00e4lp av symbolen &#8221;En h\u00e5llbar framtid tillsammans&#8221;. Utbildningsinstitutionen kan kommunicera sitt engagemang f\u00f6r h\u00e5llbarhetsf\u00e4rdplanens m\u00e5l och \u00e5tg\u00e4rdsstigar genom att l\u00e4gga till symbolen p\u00e5 sin webbplats, i presentationsmaterial eller i sitt h\u00e5llbarhetsprogram. Symbolen ska \u00e5tf\u00f6ljas av en l\u00e4nk till n\u00e4tverkssidan f\u00f6r institutionens egna organisationsprofil, s\u00e5 att l\u00e4saren kan verifiera att institutionen \u00e4r engagerad i h\u00e5llbarhetsf\u00e4rdplanen och uppf\u00f6ljningen av framstegen som en del av n\u00e4tverket.<\/p>\n\n\n\n<div class=\"wp-block-buttons is-layout-flex wp-block-buttons-is-layout-flex\">\n<div class=\"wp-block-button\"><a class=\"wp-block-button__link wp-element-button\" href=\"https:\/\/sykli.kuvat.fi\/i\/3B2UuFAqgG9cXvhNCD6KTasfWrex75RJ\">Ladda ner ikonen H\u00e5llbar framtid tillsammans h\u00e4r<\/a><\/div>\n<\/div>\n<\/div>\n<\/div>\n\n\n\n<div class=\"wp-block-columns is-style-default is-layout-flex wp-container-core-columns-is-layout-9d6595d7 wp-block-columns-is-layout-flex\">\n<div class=\"wp-block-column has-green-background-color has-background is-layout-flow wp-block-column-is-layout-flow\">\n<div class=\"wp-block-buttons m-5 is-vertical is-content-justification-center is-nowrap is-layout-flex wp-container-core-buttons-is-layout-534da0b3 wp-block-buttons-is-layout-flex\">\n<div class=\"wp-block-button has-custom-font-size has-medium-font-size\"><a class=\"wp-block-button__link wp-element-button\" href=\"https:\/\/kartallaverkosto.fi\/sv\/kom-med-i-natverket\/formular-for-atagande-till-natverket-for-utbildningsinstitutioner\/\">Formul\u00e4r f\u00f6r \u00e5tagande till utbildningsinstitutionernas n\u00e4tverk (p\u00e5 finska)<\/a><\/div>\n\n\n\n<div class=\"wp-block-button has-custom-font-size has-medium-font-size\"><a class=\"wp-block-button__link wp-element-button\" href=\"https:\/\/kartallaverkosto.fi\/sv\/kom-med-i-natverket\/formular-for-atagande-till-natverket-for-utbildningsinstitutionernas-partners\/\">Formul\u00e4r f\u00f6r \u00e5tagande till n\u00e4tverket f\u00f6r utbildningsinstitutionernas partners (p\u00e5 finska)<\/a><\/div>\n<\/div>\n<\/div>\n<\/div>\n\n\n\n<p><\/p>\n","protected":false},"excerpt":{"rendered":"<p>Kom med i n\u00e4tverket Engagera dig som utbildningsinstitution eller samarbetspartner! Kartalla \u2013 p\u00e5 Kartan \u00e4r ett n\u00e4tverk f\u00f6r yrkesutbildningsinstitutioner och deras samarbetspartners f\u00f6r att bygga en h\u00e5llbar framtid. Yrkesutbildningsinstitutioner kan ansluta sig till n\u00e4tverket Kartalla \u2013 p\u00e5 Kartan genom att fylla i engagemangsformul\u00e4ret f\u00f6r utbildningsinstitutioner. M\u00e5let \u00e4r att alla yrkesutbildningsinstitutioner i Finland ska ansluta sig [&hellip;]<\/p>\n","protected":false},"author":1,"featured_media":0,"parent":0,"menu_order":9,"comment_status":"closed","ping_status":"closed","template":"page-no-title.php","meta":{"_acf_changed":false,"footnotes":""},"class_list":["post-5370","page","type-page","status-publish","hentry"],"acf":[],"aioseo_notices":[],"_links":{"self":[{"href":"https:\/\/kartallaverkosto.fi\/sv\/wp-json\/wp\/v2\/pages\/5370","targetHints":{"allow":["GET"]}}],"collection":[{"href":"https:\/\/kartallaverkosto.fi\/sv\/wp-json\/wp\/v2\/pages"}],"about":[{"href":"https:\/\/kartallaverkosto.fi\/sv\/wp-json\/wp\/v2\/types\/page"}],"author":[{"embeddable":true,"href":"https:\/\/kartallaverkosto.fi\/sv\/wp-json\/wp\/v2\/users\/1"}],"replies":[{"embeddable":true,"href":"https:\/\/kartallaverkosto.fi\/sv\/wp-json\/wp\/v2\/comments?post=5370"}],"version-history":[{"count":8,"href":"https:\/\/kartallaverkosto.fi\/sv\/wp-json\/wp\/v2\/pages\/5370\/revisions"}],"predecessor-version":[{"id":5467,"href":"https:\/\/kartallaverkosto.fi\/sv\/wp-json\/wp\/v2\/pages\/5370\/revisions\/5467"}],"wp:attachment":[{"href":"https:\/\/kartallaverkosto.fi\/sv\/wp-json\/wp\/v2\/media?parent=5370"}],"curies":[{"name":"wp","href":"https:\/\/api.w.org\/{rel}","templated":true}]}}