{"id":5387,"date":"2024-07-17T11:19:17","date_gmt":"2024-07-17T08:19:17","guid":{"rendered":"https:\/\/kartallaverkosto.fi\/?page_id=5387"},"modified":"2024-11-11T15:23:12","modified_gmt":"2024-11-11T13:23:12","slug":"aktuellt","status":"publish","type":"page","link":"https:\/\/kartallaverkosto.fi\/sv\/aktuellt\/","title":{"rendered":"Aktuellt"},"content":{"rendered":"\n<h1 class=\"wp-block-heading has-text-align-center\">Aktuellt<\/h1>\n\n\n\n<div class=\"wp-block-columns is-style-narrow is-layout-flex wp-container-core-columns-is-layout-9d6595d7 wp-block-columns-is-layout-flex\">\n<div class=\"wp-block-column is-layout-flow wp-block-column-is-layout-flow\">\n<p>I denna sektion hittar du aktuella nyheter om arbetet med h\u00e5llbarhetsf\u00e4rdplanen. H\u00e4r samlar vi de senaste nyheterna fr\u00e5n Kartalla \u2013 p\u00e5 Kartan-projektet, men \u00e4ven mer allm\u00e4n information om framstegen inom h\u00e5llbarhetsarbetet i yrkesutbildningen och dess partnerskap.Har du en bloggtext eller nyhet som du vill lyfta fram? Skicka dina f\u00f6rslag till Sini Raita-aho (<a href=\"mailto:f\u00f6rnamn.efternamn@sykli.fi\">f\u00f6rnamn.efternamn@sykli.fi<\/a>).<\/p>\n<\/div>\n<\/div>\n\n\n\n<h2 class=\"wp-block-heading has-text-align-center\">Senaste nyheterna<\/h2>\n\n\n\n<div class=\"wp-block-query is-layout-flow wp-block-query-is-layout-flow\"><ul class=\"columns-2 wp-block-post-template is-layout-grid wp-container-core-post-template-is-layout-2eb87074 wp-block-post-template-is-layout-grid\"><li class=\"wp-block-post post-6903 post type-post status-publish format-standard hentry category-okategoriserad\">\n<h2 class=\"wp-block-post-title\"><a href=\"https:\/\/kartallaverkosto.fi\/sv\/ett-natur-rum-for-mera-naturpositivitet-och-naturintresse\/\" target=\"_blank\" >Ett natur-rum f\u00f6r mera naturpositivitet och naturintresse<\/a><\/h2>\n\n<div class=\"wp-block-post-date\"><time datetime=\"2025-11-17T12:45:50+02:00\">17.11.2025<\/time><\/div>\n<\/li><li class=\"wp-block-post post-5390 post type-post status-publish format-standard has-post-thumbnail hentry category-okategoriserad\">\n<h2 class=\"wp-block-post-title\"><a href=\"https:\/\/kartallaverkosto.fi\/sv\/kartalla-pa-kartan-projektet-implementerar-hallbarhetsfardplanen-for-yrkesutbildningen\/\" target=\"_blank\" >Kartalla \u2013 p\u00e5 Kartan-projektet implementerar h\u00e5llbarhetsf\u00e4rdplanen f\u00f6r yrkesutbildningen<\/a><\/h2>\n\n<div class=\"wp-block-post-date\"><time datetime=\"2024-07-01T13:09:36+03:00\">1.7.2024<\/time><\/div>\n<\/li><\/ul>\n\n<\/div>\n","protected":false},"excerpt":{"rendered":"<p>Aktuellt I denna sektion hittar du aktuella nyheter om arbetet med h\u00e5llbarhetsf\u00e4rdplanen. H\u00e4r samlar vi de senaste nyheterna fr\u00e5n Kartalla \u2013 p\u00e5 Kartan-projektet, men \u00e4ven mer allm\u00e4n information om framstegen inom h\u00e5llbarhetsarbetet i yrkesutbildningen och dess partnerskap.Har du en bloggtext eller nyhet som du vill lyfta fram? Skicka dina f\u00f6rslag till Sini Raita-aho (f\u00f6rnamn.efternamn@sykli.fi). Senaste [&hellip;]<\/p>\n","protected":false},"author":1,"featured_media":0,"parent":0,"menu_order":30,"comment_status":"closed","ping_status":"closed","template":"page-no-title.php","meta":{"_acf_changed":false,"footnotes":""},"class_list":["post-5387","page","type-page","status-publish","hentry"],"acf":[],"aioseo_notices":[],"_links":{"self":[{"href":"https:\/\/kartallaverkosto.fi\/sv\/wp-json\/wp\/v2\/pages\/5387","targetHints":{"allow":["GET"]}}],"collection":[{"href":"https:\/\/kartallaverkosto.fi\/sv\/wp-json\/wp\/v2\/pages"}],"about":[{"href":"https:\/\/kartallaverkosto.fi\/sv\/wp-json\/wp\/v2\/types\/page"}],"author":[{"embeddable":true,"href":"https:\/\/kartallaverkosto.fi\/sv\/wp-json\/wp\/v2\/users\/1"}],"replies":[{"embeddable":true,"href":"https:\/\/kartallaverkosto.fi\/sv\/wp-json\/wp\/v2\/comments?post=5387"}],"version-history":[{"count":2,"href":"https:\/\/kartallaverkosto.fi\/sv\/wp-json\/wp\/v2\/pages\/5387\/revisions"}],"predecessor-version":[{"id":5389,"href":"https:\/\/kartallaverkosto.fi\/sv\/wp-json\/wp\/v2\/pages\/5387\/revisions\/5389"}],"wp:attachment":[{"href":"https:\/\/kartallaverkosto.fi\/sv\/wp-json\/wp\/v2\/media?parent=5387"}],"curies":[{"name":"wp","href":"https:\/\/api.w.org\/{rel}","templated":true}]}}