{"id":5802,"date":"2025-02-13T10:25:09","date_gmt":"2025-02-13T08:25:09","guid":{"rendered":"https:\/\/kartallaverkosto.fi\/?page_id=5802"},"modified":"2025-02-13T10:57:54","modified_gmt":"2025-02-13T08:57:54","slug":"natverkets-partnerorganisationer","status":"publish","type":"page","link":"https:\/\/kartallaverkosto.fi\/sv\/kom-med-i-natverket\/natverkets-partnerorganisationer\/","title":{"rendered":"N\u00e4tverkets partnerorganisationer"},"content":{"rendered":"\r\n\r\n<section class=\"hero site-banner banner-bg-image section-default default alignfull image\">\r\n\r\n    <div class=\"site-banner-bg section-bg-image \" >\r\n\r\n        <img loading=\"lazy\" decoding=\"async\" width=\"2560\" height=\"1707\" src=\"https:\/\/kartallaverkosto.fi\/wp-content\/uploads\/2024\/06\/shutterstock-2207311043-scaled.jpg\" class=\"attachment-1536\u00d71536 size-1536\u00d71536\" alt=\"\" srcset=\"https:\/\/kartallaverkosto.fi\/wp-content\/uploads\/2024\/06\/shutterstock-2207311043-scaled.jpg 2560w, https:\/\/kartallaverkosto.fi\/wp-content\/uploads\/2024\/06\/shutterstock-2207311043-300x200.jpg 300w, https:\/\/kartallaverkosto.fi\/wp-content\/uploads\/2024\/06\/shutterstock-2207311043-1024x683.jpg 1024w, https:\/\/kartallaverkosto.fi\/wp-content\/uploads\/2024\/06\/shutterstock-2207311043-768x512.jpg 768w, https:\/\/kartallaverkosto.fi\/wp-content\/uploads\/2024\/06\/shutterstock-2207311043-1536x1024.jpg 1536w, https:\/\/kartallaverkosto.fi\/wp-content\/uploads\/2024\/06\/shutterstock-2207311043-2048x1365.jpg 2048w\" sizes=\"auto, (max-width: 2560px) 100vw, 2560px\" \/>\r\n        \r\n            <div class=\"site-banner-content container\">\r\n                <div class=\"row w-100\">\r\n                    <div class=\"col-md-12\">\r\n\r\n                        <h1 class=\"hero-title\">N\u00e4tverkets partnerorganisationer<\/h1><div class=\"inner-content\">\r\n                            <div class=\"acf-innerblocks-container\">\n\n<p><\/p>\n\n<\/div>\r\n                        <\/div>                    <\/div>\r\n                <\/div>\r\n            <\/div>\r\n        \r\n        <\/div><\/section>\n\n\n<div class=\"wp-block-group alignfull is-style-wavy-border has-green-background-color has-background\"><div class=\"wp-block-group__inner-container is-layout-constrained wp-block-group-is-layout-constrained\">\n<p>P\u00e5 denna webbplats kan du bekanta dig med partnerorganisationerna i Kartalle \u2013 P\u00e5 kartan-n\u00e4tverket.<\/p>\n\n\n\n<div class=\"wp-block-buttons mb-5 mt-5 is-layout-flex wp-block-buttons-is-layout-flex\">\n<div class=\"wp-block-button\"><a class=\"wp-block-button__link wp-element-button\" href=\"https:\/\/kartallaverkosto.fi\/sv\/kom-med-i-natverket\/\">L\u00e4s mer om \u00e5tagande och fyll i \u00e5tagandeanm\u00e4lan h\u00e4r<\/a><\/div>\n<\/div>\n<\/div><\/div>\n\n\n\n<h3 class=\"wp-block-heading has-text-align-center\" id=\"verkosto\">Du kan bl\u00e4ddra bland n\u00e4tverkets medlemmar enligt olika egenskaper:<\/h3>\n\n\n\r\n<form data-sf-form-id='5450' data-is-rtl='0' data-maintain-state='' data-results-url='https:\/\/kartallaverkosto.fi\/sv\/kom-med-i-natverket\/natverkets-medlemmar\/' data-ajax-url='https:\/\/kartallaverkosto.fi\/sv\/kom-med-i-natverket\/natverkets-medlemmar\/?sf_data=results' data-ajax-form-url='https:\/\/kartallaverkosto.fi\/sv\/?sfid=5450&amp;sf_action=get_data&amp;sf_data=form' data-display-result-method='custom' data-use-history-api='1' data-template-loaded='0' data-lang-code='sv' data-ajax='1' data-ajax-data-type='html' data-ajax-links-selector='.pagination a' data-ajax-target='.verkosto-listaus' data-ajax-pagination-type='normal' data-update-ajax-url='1' data-only-results-ajax='1' data-scroll-to-pos='0' data-init-paged='1' data-auto-update='1' action='https:\/\/kartallaverkosto.fi\/sv\/kom-med-i-natverket\/natverkets-medlemmar\/' method='post' class='searchandfilter' id='search-filter-form-5450' autocomplete='off' data-instance-count='1'><ul><li class=\"sf-field-search\" data-sf-field-name=\"search\" data-sf-field-type=\"search\" data-sf-field-input-type=\"\"><h4>S\u00f6k baserat p\u00e5 namn<\/h4>\t\t<label>\n\t\t\t\t   <input placeholder=\"S\u00f6k\u2026\" name=\"_sf_search[]\" class=\"sf-input-text\" type=\"text\" value=\"\" title=\"\"><\/label>\t\t<\/li><li class=\"sf-field-post-meta-henkilostomaara\" data-sf-field-name=\"_sfm_henkilostomaara\" data-sf-field-type=\"post_meta\" data-sf-field-input-type=\"select\" data-sf-meta-type=\"choice\"><h4>Antal anst\u00e4llda<\/h4>\t\t<label>\n\t\t\t\t   \t\t<select name=\"_sfm_henkilostomaara[]\" class=\"sf-input-select\" title=\"\">\n\t\t\t\t\t\t  \t\t\t<option class=\"sf-level-0 sf-item-0 sf-option-active\" selected=\"selected\" data-sf-depth=\"0\" value=\"\">Ingen begr\u00e4nsning<\/option>\n\t\t\t\t\t\t\t\t\t\t\t<option class=\"sf-level-0 \" data-sf-count=\"-1\" data-sf-depth=\"0\" value=\"99\">Under 100<\/option>\n\t\t\t\t\t\t\t\t\t\t\t<option class=\"sf-level-0 \" data-sf-count=\"-1\" data-sf-depth=\"0\" value=\"100\">100 \u2013 250<\/option>\n\t\t\t\t\t\t\t\t\t\t\t<option class=\"sf-level-0 \" data-sf-count=\"-1\" data-sf-depth=\"0\" value=\"251\">251 \u2013 500<\/option>\n\t\t\t\t\t\t\t\t\t\t\t<option class=\"sf-level-0 \" data-sf-count=\"-1\" data-sf-depth=\"0\" value=\"500\">\u00f6ver 500<\/option>\n\t\t\t\t\t\t\t\t\t\t\t<\/select><\/label>\t\t\t\t\t\t\t\t\t\t<\/li><li class=\"sf-field-post-meta-alue\" data-sf-field-name=\"_sfm_alue\" data-sf-field-type=\"post_meta\" data-sf-field-input-type=\"select\" data-sf-meta-type=\"choice\"><h4>Region<\/h4>\t\t<label>\n\t\t\t\t   \t\t<select name=\"_sfm_alue[]\" class=\"sf-input-select\" title=\"\">\n\t\t\t\t\t\t  \t\t\t<option class=\"sf-level-0 sf-item-0 sf-option-active\" selected=\"selected\" data-sf-depth=\"0\" value=\"\">Ingen begr\u00e4nsning<\/option>\n\t\t\t\t\t\t\t\t\t\t\t<option class=\"sf-level-0 \" data-sf-count=\"-1\" data-sf-depth=\"0\" value=\"Ahvenanmaa \u2013 \u00c5land\">Ahvenanmaa \u2013 \u00c5land<\/option>\n\t\t\t\t\t\t\t\t\t\t\t<option class=\"sf-level-0 \" data-sf-count=\"-1\" data-sf-depth=\"0\" value=\"Etel\u00e4-Karjala\">Etel\u00e4-Karjala<\/option>\n\t\t\t\t\t\t\t\t\t\t\t<option class=\"sf-level-0 \" data-sf-count=\"-1\" data-sf-depth=\"0\" value=\"Etel\u00e4-Pohjanmaa\">Etel\u00e4-Pohjanmaa<\/option>\n\t\t\t\t\t\t\t\t\t\t\t<option class=\"sf-level-0 \" data-sf-count=\"-1\" data-sf-depth=\"0\" value=\"Etel\u00e4-Savo\">Etel\u00e4-Savo<\/option>\n\t\t\t\t\t\t\t\t\t\t\t<option class=\"sf-level-0 \" data-sf-count=\"-1\" data-sf-depth=\"0\" value=\"Kainuu\">Kainuu<\/option>\n\t\t\t\t\t\t\t\t\t\t\t<option class=\"sf-level-0 \" data-sf-count=\"-1\" data-sf-depth=\"0\" value=\"Kanta-H\u00e4me\">Kanta-H\u00e4me<\/option>\n\t\t\t\t\t\t\t\t\t\t\t<option class=\"sf-level-0 \" data-sf-count=\"-1\" data-sf-depth=\"0\" value=\"Keski-Pohjanmaa\">Keski-Pohjanmaa<\/option>\n\t\t\t\t\t\t\t\t\t\t\t<option class=\"sf-level-0 \" data-sf-count=\"-1\" data-sf-depth=\"0\" value=\"Keski-Suomi\">Keski-Suomi<\/option>\n\t\t\t\t\t\t\t\t\t\t\t<option class=\"sf-level-0 \" data-sf-count=\"-1\" data-sf-depth=\"0\" value=\"Kymenlaakso\">Kymenlaakso<\/option>\n\t\t\t\t\t\t\t\t\t\t\t<option class=\"sf-level-0 \" data-sf-count=\"-1\" data-sf-depth=\"0\" value=\"Lappi\">Lappi<\/option>\n\t\t\t\t\t\t\t\t\t\t\t<option class=\"sf-level-0 \" data-sf-count=\"-1\" data-sf-depth=\"0\" value=\"Pirkanmaa\">Pirkanmaa<\/option>\n\t\t\t\t\t\t\t\t\t\t\t<option class=\"sf-level-0 \" data-sf-count=\"-1\" data-sf-depth=\"0\" value=\"Pohjanmaa\">Pohjanmaa<\/option>\n\t\t\t\t\t\t\t\t\t\t\t<option class=\"sf-level-0 \" data-sf-count=\"-1\" data-sf-depth=\"0\" value=\"Pohjois-Karjala\">Pohjois-Karjala<\/option>\n\t\t\t\t\t\t\t\t\t\t\t<option class=\"sf-level-0 \" data-sf-count=\"-1\" data-sf-depth=\"0\" value=\"Pohjois-Pohjanmaa\">Pohjois-Pohjanmaa<\/option>\n\t\t\t\t\t\t\t\t\t\t\t<option class=\"sf-level-0 \" data-sf-count=\"-1\" data-sf-depth=\"0\" value=\"Pohjois-Savo\">Pohjois-Savo<\/option>\n\t\t\t\t\t\t\t\t\t\t\t<option class=\"sf-level-0 \" data-sf-count=\"-1\" data-sf-depth=\"0\" value=\"P\u00e4ij\u00e4t-H\u00e4me\">P\u00e4ij\u00e4t-H\u00e4me<\/option>\n\t\t\t\t\t\t\t\t\t\t\t<option class=\"sf-level-0 \" data-sf-count=\"-1\" data-sf-depth=\"0\" value=\"Satakunta\">Satakunta<\/option>\n\t\t\t\t\t\t\t\t\t\t\t<option class=\"sf-level-0 \" data-sf-count=\"-1\" data-sf-depth=\"0\" value=\"Uusimaa\">Uusimaa<\/option>\n\t\t\t\t\t\t\t\t\t\t\t<option class=\"sf-level-0 \" data-sf-count=\"-1\" data-sf-depth=\"0\" value=\"Valtakunnallinen\">Valtakunnallinen<\/option>\n\t\t\t\t\t\t\t\t\t\t\t<option class=\"sf-level-0 \" data-sf-count=\"-1\" data-sf-depth=\"0\" value=\"Varsinais-Suomi\">Varsinais-Suomi<\/option>\n\t\t\t\t\t\t\t\t\t\t\t<\/select><\/label>\t\t\t\t\t\t\t\t\t\t<\/li><li class=\"sf-field-post-meta-opetettavat_koulutusalat\" data-sf-field-name=\"_sfm_opetettavat_koulutusalat\" data-sf-field-type=\"post_meta\" data-sf-field-input-type=\"select\" data-sf-meta-type=\"choice\"><h4>Utbildningsomr\u00e5de<\/h4>\t\t<label>\n\t\t\t\t   \t\t<select name=\"_sfm_opetettavat_koulutusalat[]\" class=\"sf-input-select\" title=\"\">\n\t\t\t\t\t\t  \t\t\t<option class=\"sf-level-0 sf-item-0 sf-option-active\" selected=\"selected\" data-sf-depth=\"0\" value=\"\">Ingen begr\u00e4nsning<\/option>\n\t\t\t\t\t\t\t\t\t\t\t<option class=\"sf-level-0 \" data-sf-count=\"-1\" data-sf-depth=\"0\" value=\"Humanistiset ja taidealat\">Humanistiset ja taidealat<\/option>\n\t\t\t\t\t\t\t\t\t\t\t<option class=\"sf-level-0 \" data-sf-count=\"-1\" data-sf-depth=\"0\" value=\"Kasvatusalat\">Kasvatusalat<\/option>\n\t\t\t\t\t\t\t\t\t\t\t<option class=\"sf-level-0 \" data-sf-count=\"-1\" data-sf-depth=\"0\" value=\"Kauppa, hallinto ja oikeustieteet\">Kauppa, hallinto ja oikeustieteet<\/option>\n\t\t\t\t\t\t\t\t\t\t\t<option class=\"sf-level-0 \" data-sf-count=\"-1\" data-sf-depth=\"0\" value=\"Luonnontieteet\">Luonnontieteet<\/option>\n\t\t\t\t\t\t\t\t\t\t\t<option class=\"sf-level-0 \" data-sf-count=\"-1\" data-sf-depth=\"0\" value=\"Maa- ja mets\u00e4talousalat\">Maa- ja mets\u00e4talousalat<\/option>\n\t\t\t\t\t\t\t\t\t\t\t<option class=\"sf-level-0 \" data-sf-count=\"-1\" data-sf-depth=\"0\" value=\"Palvelualat\">Palvelualat<\/option>\n\t\t\t\t\t\t\t\t\t\t\t<option class=\"sf-level-0 \" data-sf-count=\"-1\" data-sf-depth=\"0\" value=\"Tekniikan alat\">Tekniikan alat<\/option>\n\t\t\t\t\t\t\t\t\t\t\t<option class=\"sf-level-0 \" data-sf-count=\"-1\" data-sf-depth=\"0\" value=\"Terveys- ja hyvinvointialat\">Terveys- ja hyvinvointialat<\/option>\n\t\t\t\t\t\t\t\t\t\t\t<option class=\"sf-level-0 \" data-sf-count=\"-1\" data-sf-depth=\"0\" value=\"Tietojenk\u00e4sittely ja tietoliikenne (ICT)\">Tietojenk\u00e4sittely ja tietoliikenne (ICT)<\/option>\n\t\t\t\t\t\t\t\t\t\t\t<option class=\"sf-level-0 \" data-sf-count=\"-1\" data-sf-depth=\"0\" value=\"Yhteiskunnalliset alat\">Yhteiskunnalliset alat<\/option>\n\t\t\t\t\t\t\t\t\t\t\t<\/select><\/label>\t\t\t\t\t\t\t\t\t\t<\/li><\/ul><\/form>\r\n<div class=\"verkosto-listaus \">\r\n    \r\n    \r\n            <div class=\"linkbox\">\r\n                <a href=\"https:\/\/kartallaverkosto.fi\/sv\/verkosto\/skills-finland-ry\/\">\r\n                    <div class=\"linkbox-image\">\r\n                        <img loading=\"lazy\" decoding=\"async\" width=\"800\" height=\"491\" src=\"https:\/\/kartallaverkosto.fi\/wp-content\/uploads\/2025\/06\/logo-ws-finland-black-rgb-01-1024x629.png\" class=\"attachment-large size-large\" alt=\"\" srcset=\"https:\/\/kartallaverkosto.fi\/wp-content\/uploads\/2025\/06\/logo-ws-finland-black-rgb-01-1024x629.png 1024w, https:\/\/kartallaverkosto.fi\/wp-content\/uploads\/2025\/06\/logo-ws-finland-black-rgb-01-300x184.png 300w, https:\/\/kartallaverkosto.fi\/wp-content\/uploads\/2025\/06\/logo-ws-finland-black-rgb-01-768x471.png 768w, https:\/\/kartallaverkosto.fi\/wp-content\/uploads\/2025\/06\/logo-ws-finland-black-rgb-01-1536x943.png 1536w\" sizes=\"auto, (max-width: 800px) 100vw, 800px\" \/>                    <\/div>\r\n                    <div class=\"linkbox-text\">\r\n                        <p class=\"h3\">Skills Finland ry<\/p>\r\n                    <\/div>\r\n                <\/a>\r\n            <\/div>\r\n\r\n    \r\n            <div class=\"linkbox\">\r\n                <a href=\"https:\/\/kartallaverkosto.fi\/sv\/verkosto\/kestavyysmurros-tohtorikoulutuspilotti\/\">\r\n                    <div class=\"linkbox-image\">\r\n                        <img loading=\"lazy\" decoding=\"async\" width=\"768\" height=\"528\" src=\"https:\/\/kartallaverkosto.fi\/wp-content\/uploads\/2025\/05\/uef-sustra-logo-09-768x528-1.jpg\" class=\"attachment-large size-large\" alt=\"\" srcset=\"https:\/\/kartallaverkosto.fi\/wp-content\/uploads\/2025\/05\/uef-sustra-logo-09-768x528-1.jpg 768w, https:\/\/kartallaverkosto.fi\/wp-content\/uploads\/2025\/05\/uef-sustra-logo-09-768x528-1-300x206.jpg 300w\" sizes=\"auto, (max-width: 768px) 100vw, 768px\" \/>                    <\/div>\r\n                    <div class=\"linkbox-text\">\r\n                        <p class=\"h3\">Kest\u00e4vyysmurros-tohtorikoulutuspilotti<\/p>\r\n                    <\/div>\r\n                <\/a>\r\n            <\/div>\r\n\r\n    \r\n            <div class=\"linkbox\">\r\n                <a href=\"https:\/\/kartallaverkosto.fi\/sv\/verkosto\/opetus-kasvatus-ja-koulutusalojen-saatio-okka-saatio-sr\/\">\r\n                    <div class=\"linkbox-image\">\r\n                        <img loading=\"lazy\" decoding=\"async\" width=\"800\" height=\"311\" src=\"https:\/\/kartallaverkosto.fi\/wp-content\/uploads\/2025\/03\/okkalogo-vaaka-vaalea-1024x398.jpg\" class=\"attachment-large size-large\" alt=\"\" srcset=\"https:\/\/kartallaverkosto.fi\/wp-content\/uploads\/2025\/03\/okkalogo-vaaka-vaalea-1024x398.jpg 1024w, https:\/\/kartallaverkosto.fi\/wp-content\/uploads\/2025\/03\/okkalogo-vaaka-vaalea-300x117.jpg 300w, https:\/\/kartallaverkosto.fi\/wp-content\/uploads\/2025\/03\/okkalogo-vaaka-vaalea-768x299.jpg 768w, https:\/\/kartallaverkosto.fi\/wp-content\/uploads\/2025\/03\/okkalogo-vaaka-vaalea-1536x597.jpg 1536w, https:\/\/kartallaverkosto.fi\/wp-content\/uploads\/2025\/03\/okkalogo-vaaka-vaalea-2048x797.jpg 2048w\" sizes=\"auto, (max-width: 800px) 100vw, 800px\" \/>                    <\/div>\r\n                    <div class=\"linkbox-text\">\r\n                        <p class=\"h3\">Opetus-, kasvatus- ja koulutusalojen s\u00e4\u00e4ti\u00f6 \u2013 OKKA-s\u00e4\u00e4ti\u00f6 sr<\/p>\r\n                    <\/div>\r\n                <\/a>\r\n            <\/div>\r\n\r\n    \r\n            <div class=\"linkbox\">\r\n                <a href=\"https:\/\/kartallaverkosto.fi\/sv\/verkosto\/tampereen-ammatillinen-opettajakorkeakoulu-tampereen-ammattikorkeakoulu\/\">\r\n                    <div class=\"linkbox-image\">\r\n                        <img loading=\"lazy\" decoding=\"async\" width=\"800\" height=\"173\" src=\"https:\/\/kartallaverkosto.fi\/wp-content\/uploads\/2024\/12\/logo-tamk-fi-violetti-rgb-1024x222.jpg\" class=\"attachment-large size-large\" alt=\"\" srcset=\"https:\/\/kartallaverkosto.fi\/wp-content\/uploads\/2024\/12\/logo-tamk-fi-violetti-rgb-1024x222.jpg 1024w, https:\/\/kartallaverkosto.fi\/wp-content\/uploads\/2024\/12\/logo-tamk-fi-violetti-rgb-300x65.jpg 300w, https:\/\/kartallaverkosto.fi\/wp-content\/uploads\/2024\/12\/logo-tamk-fi-violetti-rgb-768x166.jpg 768w, https:\/\/kartallaverkosto.fi\/wp-content\/uploads\/2024\/12\/logo-tamk-fi-violetti-rgb-1536x333.jpg 1536w, https:\/\/kartallaverkosto.fi\/wp-content\/uploads\/2024\/12\/logo-tamk-fi-violetti-rgb.jpg 1630w\" sizes=\"auto, (max-width: 800px) 100vw, 800px\" \/>                    <\/div>\r\n                    <div class=\"linkbox-text\">\r\n                        <p class=\"h3\">Tampereen ammatillinen opettajakorkeakoulu \/ Tampereen ammattikorkeakoulu<\/p>\r\n                    <\/div>\r\n                <\/a>\r\n            <\/div>\r\n\r\n    <\/div>\n\n\n<p><\/p>\n","protected":false},"excerpt":{"rendered":"<p>P\u00e5 denna webbplats kan du bekanta dig med partnerorganisationerna i Kartalle \u2013 P\u00e5 kartan-n\u00e4tverket. Du kan bl\u00e4ddra bland n\u00e4tverkets medlemmar enligt olika egenskaper:<\/p>\n","protected":false},"author":1,"featured_media":0,"parent":5370,"menu_order":22,"comment_status":"closed","ping_status":"closed","template":"","meta":{"_acf_changed":false,"footnotes":""},"class_list":["post-5802","page","type-page","status-publish","hentry"],"acf":[],"aioseo_notices":[],"_links":{"self":[{"href":"https:\/\/kartallaverkosto.fi\/sv\/wp-json\/wp\/v2\/pages\/5802","targetHints":{"allow":["GET"]}}],"collection":[{"href":"https:\/\/kartallaverkosto.fi\/sv\/wp-json\/wp\/v2\/pages"}],"about":[{"href":"https:\/\/kartallaverkosto.fi\/sv\/wp-json\/wp\/v2\/types\/page"}],"author":[{"embeddable":true,"href":"https:\/\/kartallaverkosto.fi\/sv\/wp-json\/wp\/v2\/users\/1"}],"replies":[{"embeddable":true,"href":"https:\/\/kartallaverkosto.fi\/sv\/wp-json\/wp\/v2\/comments?post=5802"}],"version-history":[{"count":1,"href":"https:\/\/kartallaverkosto.fi\/sv\/wp-json\/wp\/v2\/pages\/5802\/revisions"}],"predecessor-version":[{"id":5803,"href":"https:\/\/kartallaverkosto.fi\/sv\/wp-json\/wp\/v2\/pages\/5802\/revisions\/5803"}],"up":[{"embeddable":true,"href":"https:\/\/kartallaverkosto.fi\/sv\/wp-json\/wp\/v2\/pages\/5370"}],"wp:attachment":[{"href":"https:\/\/kartallaverkosto.fi\/sv\/wp-json\/wp\/v2\/media?parent=5802"}],"curies":[{"name":"wp","href":"https:\/\/api.w.org\/{rel}","templated":true}]}}